{"id":178,"date":"2023-10-05T09:38:27","date_gmt":"2023-10-05T09:38:27","guid":{"rendered":"https:\/\/proffs.eu\/sv\/?page_id=178"},"modified":"2025-06-19T10:13:19","modified_gmt":"2025-06-19T10:13:19","slug":"om-oss","status":"publish","type":"page","link":"https:\/\/proffs.eu\/sv\/om-oss\/","title":{"rendered":"FAQ"},"content":{"rendered":"\t\t<div data-elementor-type=\"wp-page\" data-elementor-id=\"178\" class=\"elementor elementor-178\" data-elementor-post-type=\"page\">\n\t\t\t\t<div class=\"elementor-element elementor-element-45bd3b9 e-flex e-con-boxed e-con e-parent\" data-id=\"45bd3b9\" data-element_type=\"container\" data-e-type=\"container\" data-settings=\"{&quot;background_background&quot;:&quot;classic&quot;}\">\n\t\t\t\t\t<div class=\"e-con-inner\">\n\t\t\t\t<div class=\"elementor-element elementor-element-36fb6bb elementor-widget__width-initial elementor-widget elementor-widget-heading\" data-id=\"36fb6bb\" data-element_type=\"widget\" data-e-type=\"widget\" data-widget_type=\"heading.default\">\n\t\t\t\t<div class=\"elementor-widget-container\">\n\t\t\t\t\t<h2 class=\"elementor-heading-title elementor-size-default\">\u00c5TERVINNING OCH VANLIGA FR\u00c5GOR<\/h2>\t\t\t\t<\/div>\n\t\t\t\t<\/div>\n\t\t\t\t<div class=\"elementor-element elementor-element-5eabaa5 elementor-widget__width-initial elementor-widget elementor-widget-n-accordion\" data-id=\"5eabaa5\" data-element_type=\"widget\" data-e-type=\"widget\" data-settings=\"{&quot;default_state&quot;:&quot;expanded&quot;,&quot;max_items_expended&quot;:&quot;one&quot;,&quot;n_accordion_animation_duration&quot;:{&quot;unit&quot;:&quot;ms&quot;,&quot;size&quot;:400,&quot;sizes&quot;:[]}}\" data-widget_type=\"nested-accordion.default\">\n\t\t\t\t<div class=\"elementor-widget-container\">\n\t\t\t\t\t\t\t<div class=\"e-n-accordion\" aria-label=\"Accordion. Open links with Enter or Space, close with Escape, and navigate with Arrow Keys\">\n\t\t\t\t\t\t<details id=\"e-n-accordion-item-9920\" class=\"e-n-accordion-item\" open>\n\t\t\t\t<summary class=\"e-n-accordion-item-title\" data-accordion-index=\"1\" tabindex=\"0\" aria-expanded=\"true\" aria-controls=\"e-n-accordion-item-9920\" >\n\t\t\t\t\t<span class='e-n-accordion-item-title-header'><div class=\"e-n-accordion-item-title-text\"> Vad g\u00f6r jag om min produkt \u00e4r trasig? <\/div><\/span>\n\t\t\t\t\t\t\t<span class='e-n-accordion-item-title-icon'>\n\t\t\t<span class='e-opened' ><svg aria-hidden=\"true\" class=\"e-font-icon-svg e-fas-minus\" viewBox=\"0 0 448 512\" xmlns=\"http:\/\/www.w3.org\/2000\/svg\"><path d=\"M416 208H32c-17.67 0-32 14.33-32 32v32c0 17.67 14.33 32 32 32h384c17.67 0 32-14.33 32-32v-32c0-17.67-14.33-32-32-32z\"><\/path><\/svg><\/span>\n\t\t\t<span class='e-closed'><svg aria-hidden=\"true\" class=\"e-font-icon-svg e-fas-plus\" viewBox=\"0 0 448 512\" xmlns=\"http:\/\/www.w3.org\/2000\/svg\"><path d=\"M416 208H272V64c0-17.67-14.33-32-32-32h-32c-17.67 0-32 14.33-32 32v144H32c-17.67 0-32 14.33-32 32v32c0 17.67 14.33 32 32 32h144v144c0 17.67 14.33 32 32 32h32c17.67 0 32-14.33 32-32V304h144c17.67 0 32-14.33 32-32v-32c0-17.67-14.33-32-32-32z\"><\/path><\/svg><\/span>\n\t\t<\/span>\n\n\t\t\t\t\t\t<\/summary>\n\t\t\t\t<div role=\"region\" aria-labelledby=\"e-n-accordion-item-9920\" class=\"elementor-element elementor-element-658c57f e-con-full e-flex e-con e-child\" data-id=\"658c57f\" data-element_type=\"container\" data-e-type=\"container\" data-settings=\"{&quot;background_background&quot;:&quot;classic&quot;}\">\n\t\t\t\t<div class=\"elementor-element elementor-element-044fa59 elementor-widget elementor-widget-text-editor\" data-id=\"044fa59\" data-element_type=\"widget\" data-e-type=\"widget\" data-widget_type=\"text-editor.default\">\n\t\t\t\t<div class=\"elementor-widget-container\">\n\t\t\t\t\t\t\t\t\t<p class=\"p1\">Om din produkt skulle vara trasig eller inte fungera korrekt s\u00e5 ska du i f\u00f6rsta hand v\u00e4nda dig till ditt ink\u00f6psst\u00e4lle, spara alltid kvitto!<\/p><p class=\"p1\">Om butiken d\u00e4r du k\u00f6pt produkten inte vill eller kan hj\u00e4lpa dig s\u00e5 kan du kontakta oss p\u00e5 <a href=\"mailto:info@wishandway.se\">info@wishandway.se<\/a>. Du ska d\u00e5 vara f\u00f6rberedd p\u00e5 att du kommer beh\u00f6va skicka produkten till oss f\u00f6r analys s\u00e5 att vi kan ta reda p\u00e5 om det \u00e4r ett produktionsfel eller om skadan har uppkommit p\u00e5 annat s\u00e4tt.<\/p><p class=\"p1\">Vi m\u00e5ste g\u00f6ra p\u00e5 detta s\u00e4tt p\u00e5 grund av v\u00e5ra f\u00f6rs\u00e4kringar.<\/p>\t\t\t\t\t\t\t\t<\/div>\n\t\t\t\t<\/div>\n\t\t\t\t<\/div>\n\t\t\t\t\t<\/details>\n\t\t\t\t\t\t<details id=\"e-n-accordion-item-9921\" class=\"e-n-accordion-item\" >\n\t\t\t\t<summary class=\"e-n-accordion-item-title\" data-accordion-index=\"2\" tabindex=\"-1\" aria-expanded=\"false\" aria-controls=\"e-n-accordion-item-9921\" >\n\t\t\t\t\t<span class='e-n-accordion-item-title-header'><div class=\"e-n-accordion-item-title-text\"> Hur \u00e5tervinner jag Aerosol-burkar? <\/div><\/span>\n\t\t\t\t\t\t\t<span class='e-n-accordion-item-title-icon'>\n\t\t\t<span class='e-opened' ><svg aria-hidden=\"true\" class=\"e-font-icon-svg e-fas-minus\" viewBox=\"0 0 448 512\" xmlns=\"http:\/\/www.w3.org\/2000\/svg\"><path d=\"M416 208H32c-17.67 0-32 14.33-32 32v32c0 17.67 14.33 32 32 32h384c17.67 0 32-14.33 32-32v-32c0-17.67-14.33-32-32-32z\"><\/path><\/svg><\/span>\n\t\t\t<span class='e-closed'><svg aria-hidden=\"true\" class=\"e-font-icon-svg e-fas-plus\" viewBox=\"0 0 448 512\" xmlns=\"http:\/\/www.w3.org\/2000\/svg\"><path d=\"M416 208H272V64c0-17.67-14.33-32-32-32h-32c-17.67 0-32 14.33-32 32v144H32c-17.67 0-32 14.33-32 32v32c0 17.67 14.33 32 32 32h144v144c0 17.67 14.33 32 32 32h32c17.67 0 32-14.33 32-32V304h144c17.67 0 32-14.33 32-32v-32c0-17.67-14.33-32-32-32z\"><\/path><\/svg><\/span>\n\t\t<\/span>\n\n\t\t\t\t\t\t<\/summary>\n\t\t\t\t<div role=\"region\" aria-labelledby=\"e-n-accordion-item-9921\" class=\"elementor-element elementor-element-b8b447a e-con-full e-flex e-con e-child\" data-id=\"b8b447a\" data-element_type=\"container\" data-e-type=\"container\" data-settings=\"{&quot;background_background&quot;:&quot;classic&quot;}\">\n\t\t\t\t<div class=\"elementor-element elementor-element-5d57117 elementor-widget elementor-widget-text-editor\" data-id=\"5d57117\" data-element_type=\"widget\" data-e-type=\"widget\" data-widget_type=\"text-editor.default\">\n\t\t\t\t<div class=\"elementor-widget-container\">\n\t\t\t\t\t\t\t\t\t<p class=\"p1\">Tomma burkar kan \u00e5tervinnas som vilken metallbeh\u00e5llare som helst. Observera: burken m\u00e5ste vara helt tom.<\/p><p class=\"p1\">Fulla burkar eller burkar som fortfarande har inneh\u00e5ll kvar m\u00e5ste \u00e5tervinnas som farligt avfall vid en \u00e5tervinningsanl\u00e4ggning eller station n\u00e4ra dig.<\/p><p class=\"p1\">Metall kan \u00e5tervinnas om och om igen, s\u00e5 g\u00f6r en god g\u00e4rning och \u00e5tervinn s\u00e5 mycket som du kan.<\/p>\t\t\t\t\t\t\t\t<\/div>\n\t\t\t\t<\/div>\n\t\t\t\t<\/div>\n\t\t\t\t\t<\/details>\n\t\t\t\t\t\t<details id=\"e-n-accordion-item-9922\" class=\"e-n-accordion-item\" >\n\t\t\t\t<summary class=\"e-n-accordion-item-title\" data-accordion-index=\"3\" tabindex=\"-1\" aria-expanded=\"false\" aria-controls=\"e-n-accordion-item-9922\" >\n\t\t\t\t\t<span class='e-n-accordion-item-title-header'><div class=\"e-n-accordion-item-title-text\"> Kontaktinformation <\/div><\/span>\n\t\t\t\t\t\t\t<span class='e-n-accordion-item-title-icon'>\n\t\t\t<span class='e-opened' ><svg aria-hidden=\"true\" class=\"e-font-icon-svg e-fas-minus\" viewBox=\"0 0 448 512\" xmlns=\"http:\/\/www.w3.org\/2000\/svg\"><path d=\"M416 208H32c-17.67 0-32 14.33-32 32v32c0 17.67 14.33 32 32 32h384c17.67 0 32-14.33 32-32v-32c0-17.67-14.33-32-32-32z\"><\/path><\/svg><\/span>\n\t\t\t<span class='e-closed'><svg aria-hidden=\"true\" class=\"e-font-icon-svg e-fas-plus\" viewBox=\"0 0 448 512\" xmlns=\"http:\/\/www.w3.org\/2000\/svg\"><path d=\"M416 208H272V64c0-17.67-14.33-32-32-32h-32c-17.67 0-32 14.33-32 32v144H32c-17.67 0-32 14.33-32 32v32c0 17.67 14.33 32 32 32h144v144c0 17.67 14.33 32 32 32h32c17.67 0 32-14.33 32-32V304h144c17.67 0 32-14.33 32-32v-32c0-17.67-14.33-32-32-32z\"><\/path><\/svg><\/span>\n\t\t<\/span>\n\n\t\t\t\t\t\t<\/summary>\n\t\t\t\t<div role=\"region\" aria-labelledby=\"e-n-accordion-item-9922\" class=\"elementor-element elementor-element-13962ce e-con-full e-flex e-con e-child\" data-id=\"13962ce\" data-element_type=\"container\" data-e-type=\"container\" data-settings=\"{&quot;background_background&quot;:&quot;classic&quot;}\">\n\t\t\t\t<div class=\"elementor-element elementor-element-db199f9 elementor-widget elementor-widget-text-editor\" data-id=\"db199f9\" data-element_type=\"widget\" data-e-type=\"widget\" data-widget_type=\"text-editor.default\">\n\t\t\t\t<div class=\"elementor-widget-container\">\n\t\t\t\t\t\t\t\t\t<p>Wish And Way AB, Box 27284, 102 53 Stockholm<\/p><p>Om du vill kontakta oss \u00e4r du v\u00e4lkommen att maila oss p\u00e5 <a href=\"mailto:info@wishandway.se\">info@wishandway.se<\/a><\/p>\t\t\t\t\t\t\t\t<\/div>\n\t\t\t\t<\/div>\n\t\t\t\t<\/div>\n\t\t\t\t\t<\/details>\n\t\t\t\t\t<\/div>\n\t\t\t\t\t\t<\/div>\n\t\t\t\t<\/div>\n\t\t\t\t\t<\/div>\n\t\t\t\t<\/div>\n\t\t\t\t<\/div>\n\t\t","protected":false},"excerpt":{"rendered":"<p>\u00c5TERVINNING OCH VANLIGA FR\u00c5GOR Vad g\u00f6r jag om min produkt \u00e4r trasig? Om din produkt skulle vara trasig eller inte fungera korrekt s\u00e5 ska du i f\u00f6rsta hand v\u00e4nda dig till ditt ink\u00f6psst\u00e4lle, spara alltid kvitto! Om butiken d\u00e4r du k\u00f6pt produkten inte vill eller kan hj\u00e4lpa dig s\u00e5 kan du kontakta oss p\u00e5 info@wishandway.se. [&hellip;]<\/p>\n","protected":false},"author":1,"featured_media":0,"parent":0,"menu_order":0,"comment_status":"closed","ping_status":"closed","template":"","meta":{"_acf_changed":false,"inline_featured_image":false,"footnotes":""},"class_list":["post-178","page","type-page","status-publish","hentry"],"acf":[],"yoast_head":"<!-- This site is optimized with the Yoast SEO plugin v27.3 - https:\/\/yoast.com\/product\/yoast-seo-wordpress\/ -->\n<title>FAQ - PROFFS<\/title>\n<meta name=\"robots\" content=\"index, follow, max-snippet:-1, max-image-preview:large, max-video-preview:-1\" \/>\n<link rel=\"canonical\" href=\"https:\/\/proffs.eu\/sv\/om-oss\/\" \/>\n<meta property=\"og:locale\" content=\"en_US\" \/>\n<meta property=\"og:type\" content=\"article\" \/>\n<meta property=\"og:title\" content=\"FAQ - PROFFS\" \/>\n<meta property=\"og:description\" content=\"\u00c5TERVINNING OCH VANLIGA FR\u00c5GOR Vad g\u00f6r jag om min produkt \u00e4r trasig? Om din produkt skulle vara trasig eller inte fungera korrekt s\u00e5 ska du i f\u00f6rsta hand v\u00e4nda dig till ditt ink\u00f6psst\u00e4lle, spara alltid kvitto! Om butiken d\u00e4r du k\u00f6pt produkten inte vill eller kan hj\u00e4lpa dig s\u00e5 kan du kontakta oss p\u00e5 info@wishandway.se. [&hellip;]\" \/>\n<meta property=\"og:url\" content=\"https:\/\/proffs.eu\/sv\/om-oss\/\" \/>\n<meta property=\"og:site_name\" content=\"PROFFS\" \/>\n<meta property=\"article:modified_time\" content=\"2025-06-19T10:13:19+00:00\" \/>\n<meta name=\"twitter:card\" content=\"summary_large_image\" \/>\n<meta name=\"twitter:label1\" content=\"Est. reading time\" \/>\n\t<meta name=\"twitter:data1\" content=\"2 minutes\" \/>\n<script type=\"application\/ld+json\" class=\"yoast-schema-graph\">{\"@context\":\"https:\\\/\\\/schema.org\",\"@graph\":[{\"@type\":\"WebPage\",\"@id\":\"https:\\\/\\\/proffs.eu\\\/sv\\\/om-oss\\\/\",\"url\":\"https:\\\/\\\/proffs.eu\\\/sv\\\/om-oss\\\/\",\"name\":\"FAQ - PROFFS\",\"isPartOf\":{\"@id\":\"https:\\\/\\\/proffs.eu\\\/sv\\\/#website\"},\"datePublished\":\"2023-10-05T09:38:27+00:00\",\"dateModified\":\"2025-06-19T10:13:19+00:00\",\"breadcrumb\":{\"@id\":\"https:\\\/\\\/proffs.eu\\\/sv\\\/om-oss\\\/#breadcrumb\"},\"inLanguage\":\"en-US\",\"potentialAction\":[{\"@type\":\"ReadAction\",\"target\":[\"https:\\\/\\\/proffs.eu\\\/sv\\\/om-oss\\\/\"]}]},{\"@type\":\"BreadcrumbList\",\"@id\":\"https:\\\/\\\/proffs.eu\\\/sv\\\/om-oss\\\/#breadcrumb\",\"itemListElement\":[{\"@type\":\"ListItem\",\"position\":1,\"name\":\"Home\",\"item\":\"https:\\\/\\\/proffs.eu\\\/sv\\\/\"},{\"@type\":\"ListItem\",\"position\":2,\"name\":\"FAQ\"}]},{\"@type\":\"WebSite\",\"@id\":\"https:\\\/\\\/proffs.eu\\\/sv\\\/#website\",\"url\":\"https:\\\/\\\/proffs.eu\\\/sv\\\/\",\"name\":\"PROFFS\",\"description\":\"STILL GOING SUPER STRONG\",\"publisher\":{\"@id\":\"https:\\\/\\\/proffs.eu\\\/sv\\\/#organization\"},\"potentialAction\":[{\"@type\":\"SearchAction\",\"target\":{\"@type\":\"EntryPoint\",\"urlTemplate\":\"https:\\\/\\\/proffs.eu\\\/sv\\\/?s={search_term_string}\"},\"query-input\":{\"@type\":\"PropertyValueSpecification\",\"valueRequired\":true,\"valueName\":\"search_term_string\"}}],\"inLanguage\":\"en-US\"},{\"@type\":\"Organization\",\"@id\":\"https:\\\/\\\/proffs.eu\\\/sv\\\/#organization\",\"name\":\"PROFFS\",\"url\":\"https:\\\/\\\/proffs.eu\\\/sv\\\/\",\"logo\":{\"@type\":\"ImageObject\",\"inLanguage\":\"en-US\",\"@id\":\"https:\\\/\\\/proffs.eu\\\/sv\\\/#\\\/schema\\\/logo\\\/image\\\/\",\"url\":\"https:\\\/\\\/proffs.eu\\\/sv\\\/wp-content\\\/uploads\\\/sites\\\/2\\\/2023\\\/10\\\/Proffs-web-1.svg\",\"contentUrl\":\"https:\\\/\\\/proffs.eu\\\/sv\\\/wp-content\\\/uploads\\\/sites\\\/2\\\/2023\\\/10\\\/Proffs-web-1.svg\",\"width\":192,\"height\":54,\"caption\":\"PROFFS\"},\"image\":{\"@id\":\"https:\\\/\\\/proffs.eu\\\/sv\\\/#\\\/schema\\\/logo\\\/image\\\/\"}}]}<\/script>\n<!-- \/ Yoast SEO plugin. -->","yoast_head_json":{"title":"FAQ - PROFFS","robots":{"index":"index","follow":"follow","max-snippet":"max-snippet:-1","max-image-preview":"max-image-preview:large","max-video-preview":"max-video-preview:-1"},"canonical":"https:\/\/proffs.eu\/sv\/om-oss\/","og_locale":"en_US","og_type":"article","og_title":"FAQ - PROFFS","og_description":"\u00c5TERVINNING OCH VANLIGA FR\u00c5GOR Vad g\u00f6r jag om min produkt \u00e4r trasig? Om din produkt skulle vara trasig eller inte fungera korrekt s\u00e5 ska du i f\u00f6rsta hand v\u00e4nda dig till ditt ink\u00f6psst\u00e4lle, spara alltid kvitto! Om butiken d\u00e4r du k\u00f6pt produkten inte vill eller kan hj\u00e4lpa dig s\u00e5 kan du kontakta oss p\u00e5 info@wishandway.se. [&hellip;]","og_url":"https:\/\/proffs.eu\/sv\/om-oss\/","og_site_name":"PROFFS","article_modified_time":"2025-06-19T10:13:19+00:00","twitter_card":"summary_large_image","twitter_misc":{"Est. reading time":"2 minutes"},"schema":{"@context":"https:\/\/schema.org","@graph":[{"@type":"WebPage","@id":"https:\/\/proffs.eu\/sv\/om-oss\/","url":"https:\/\/proffs.eu\/sv\/om-oss\/","name":"FAQ - PROFFS","isPartOf":{"@id":"https:\/\/proffs.eu\/sv\/#website"},"datePublished":"2023-10-05T09:38:27+00:00","dateModified":"2025-06-19T10:13:19+00:00","breadcrumb":{"@id":"https:\/\/proffs.eu\/sv\/om-oss\/#breadcrumb"},"inLanguage":"en-US","potentialAction":[{"@type":"ReadAction","target":["https:\/\/proffs.eu\/sv\/om-oss\/"]}]},{"@type":"BreadcrumbList","@id":"https:\/\/proffs.eu\/sv\/om-oss\/#breadcrumb","itemListElement":[{"@type":"ListItem","position":1,"name":"Home","item":"https:\/\/proffs.eu\/sv\/"},{"@type":"ListItem","position":2,"name":"FAQ"}]},{"@type":"WebSite","@id":"https:\/\/proffs.eu\/sv\/#website","url":"https:\/\/proffs.eu\/sv\/","name":"PROFFS","description":"STILL GOING SUPER STRONG","publisher":{"@id":"https:\/\/proffs.eu\/sv\/#organization"},"potentialAction":[{"@type":"SearchAction","target":{"@type":"EntryPoint","urlTemplate":"https:\/\/proffs.eu\/sv\/?s={search_term_string}"},"query-input":{"@type":"PropertyValueSpecification","valueRequired":true,"valueName":"search_term_string"}}],"inLanguage":"en-US"},{"@type":"Organization","@id":"https:\/\/proffs.eu\/sv\/#organization","name":"PROFFS","url":"https:\/\/proffs.eu\/sv\/","logo":{"@type":"ImageObject","inLanguage":"en-US","@id":"https:\/\/proffs.eu\/sv\/#\/schema\/logo\/image\/","url":"https:\/\/proffs.eu\/sv\/wp-content\/uploads\/sites\/2\/2023\/10\/Proffs-web-1.svg","contentUrl":"https:\/\/proffs.eu\/sv\/wp-content\/uploads\/sites\/2\/2023\/10\/Proffs-web-1.svg","width":192,"height":54,"caption":"PROFFS"},"image":{"@id":"https:\/\/proffs.eu\/sv\/#\/schema\/logo\/image\/"}}]}},"_links":{"self":[{"href":"https:\/\/proffs.eu\/sv\/wp-json\/wp\/v2\/pages\/178","targetHints":{"allow":["GET"]}}],"collection":[{"href":"https:\/\/proffs.eu\/sv\/wp-json\/wp\/v2\/pages"}],"about":[{"href":"https:\/\/proffs.eu\/sv\/wp-json\/wp\/v2\/types\/page"}],"author":[{"embeddable":true,"href":"https:\/\/proffs.eu\/sv\/wp-json\/wp\/v2\/users\/1"}],"replies":[{"embeddable":true,"href":"https:\/\/proffs.eu\/sv\/wp-json\/wp\/v2\/comments?post=178"}],"version-history":[{"count":187,"href":"https:\/\/proffs.eu\/sv\/wp-json\/wp\/v2\/pages\/178\/revisions"}],"predecessor-version":[{"id":3115,"href":"https:\/\/proffs.eu\/sv\/wp-json\/wp\/v2\/pages\/178\/revisions\/3115"}],"wp:attachment":[{"href":"https:\/\/proffs.eu\/sv\/wp-json\/wp\/v2\/media?parent=178"}],"curies":[{"name":"wp","href":"https:\/\/api.w.org\/{rel}","templated":true}]}}