{"id":184,"date":"2023-10-05T10:10:14","date_gmt":"2023-10-05T10:10:14","guid":{"rendered":"https:\/\/proffs.eu\/sv\/?page_id=184"},"modified":"2025-06-19T10:13:13","modified_gmt":"2025-06-19T10:13:13","slug":"kontakt","status":"publish","type":"page","link":"https:\/\/proffs.eu\/sv\/kontakt\/","title":{"rendered":"Kontakt"},"content":{"rendered":"\t\t<div data-elementor-type=\"wp-page\" data-elementor-id=\"184\" class=\"elementor elementor-184\" data-elementor-post-type=\"page\">\n\t\t\t\t<div class=\"elementor-element elementor-element-4c4704f e-flex e-con-boxed e-con e-parent\" data-id=\"4c4704f\" data-element_type=\"container\" data-e-type=\"container\" data-settings=\"{&quot;background_background&quot;:&quot;classic&quot;,&quot;shape_divider_bottom&quot;:&quot;waves&quot;}\">\n\t\t\t\t\t<div class=\"e-con-inner\">\n\t\t\t\t<div class=\"elementor-shape elementor-shape-bottom\" aria-hidden=\"true\" data-negative=\"false\">\n\t\t\t<svg xmlns=\"http:\/\/www.w3.org\/2000\/svg\" viewBox=\"0 0 1000 100\" preserveAspectRatio=\"none\">\n\t<path class=\"elementor-shape-fill\" d=\"M421.9,6.5c22.6-2.5,51.5,0.4,75.5,5.3c23.6,4.9,70.9,23.5,100.5,35.7c75.8,32.2,133.7,44.5,192.6,49.7\n\tc23.6,2.1,48.7,3.5,103.4-2.5c54.7-6,106.2-25.6,106.2-25.6V0H0v30.3c0,0,72,32.6,158.4,30.5c39.2-0.7,92.8-6.7,134-22.4\n\tc21.2-8.1,52.2-18.2,79.7-24.2C399.3,7.9,411.6,7.5,421.9,6.5z\"\/>\n<\/svg>\t\t<\/div>\n\t\t\t\t<div class=\"elementor-element elementor-element-a77a363 elementor-widget__width-initial elementor-widget elementor-widget-heading\" data-id=\"a77a363\" data-element_type=\"widget\" data-e-type=\"widget\" data-widget_type=\"heading.default\">\n\t\t\t\t<div class=\"elementor-widget-container\">\n\t\t\t\t\t<h2 class=\"elementor-heading-title elementor-size-default\">KONTAKT<\/h2>\t\t\t\t<\/div>\n\t\t\t\t<\/div>\n\t\t\t\t<div class=\"elementor-element elementor-element-300074a elementor-widget__width-initial elementor-widget elementor-widget-text-editor\" data-id=\"300074a\" data-element_type=\"widget\" data-e-type=\"widget\" data-widget_type=\"text-editor.default\">\n\t\t\t\t<div class=\"elementor-widget-container\">\n\t\t\t\t\t\t\t\t\t<p>Wish And Way AB, Box 27284, 102 53 Stockholm<\/p>\t\t\t\t\t\t\t\t<\/div>\n\t\t\t\t<\/div>\n\t\t\t\t<div class=\"elementor-element elementor-element-c6376c1 elementor-widget__width-initial elementor-widget elementor-widget-text-editor\" data-id=\"c6376c1\" data-element_type=\"widget\" data-e-type=\"widget\" data-widget_type=\"text-editor.default\">\n\t\t\t\t<div class=\"elementor-widget-container\">\n\t\t\t\t\t\t\t\t\t<p class=\"p1\">Om du \u00e4r intresserad av v\u00e5rt varum\u00e4rke och v\u00e5ra produkter och vill bli \u00e5terf\u00f6rs\u00e4ljare, v\u00e4nligen kontakta oss genom formul\u00e4ret nedan, s\u00e5 \u00e5terkommer vi till dig. Om du \u00e4r konsument s\u00e5 h\u00e4nvisar vi dig till v\u00e5r FAQ. Om du inte hittar det du letar efter d\u00e4r, \u00e4r du v\u00e4lkommen att kontakta oss via formul\u00e4ret nedan.<\/p>\t\t\t\t\t\t\t\t<\/div>\n\t\t\t\t<\/div>\n\t\t\t\t<div class=\"elementor-element elementor-element-b60dff7 elementor-button-align-center elementor-widget__width-initial elementor-mobile-button-align-center elementor-widget elementor-widget-form\" data-id=\"b60dff7\" data-element_type=\"widget\" data-e-type=\"widget\" data-settings=\"{&quot;step_next_label&quot;:&quot;Next&quot;,&quot;step_previous_label&quot;:&quot;Previous&quot;,&quot;step_type&quot;:&quot;number_text&quot;,&quot;step_icon_shape&quot;:&quot;circle&quot;}\" data-widget_type=\"form.default\">\n\t\t\t\t<div class=\"elementor-widget-container\">\n\t\t\t\t\t\t\t<form class=\"elementor-form\" method=\"post\" name=\"New Form\" aria-label=\"New Form\">\n\t\t\t<input type=\"hidden\" name=\"post_id\" value=\"184\"\/>\n\t\t\t<input type=\"hidden\" name=\"form_id\" value=\"b60dff7\"\/>\n\t\t\t<input type=\"hidden\" name=\"referer_title\" value=\"Kontakt - PROFFS\" \/>\n\n\t\t\t\t\t\t\t<input type=\"hidden\" name=\"queried_id\" value=\"184\"\/>\n\t\t\t\n\t\t\t<div class=\"elementor-form-fields-wrapper elementor-labels-above\">\n\t\t\t\t\t\t\t\t<div class=\"elementor-field-type-text elementor-field-group elementor-column elementor-field-group-name elementor-col-33 elementor-sm-50\">\n\t\t\t\t\t\t\t\t\t\t\t\t\t<input size=\"1\" type=\"text\" name=\"form_fields[name]\" id=\"form-field-name\" class=\"elementor-field elementor-size-sm  elementor-field-textual\" placeholder=\"Namn\">\n\t\t\t\t\t\t\t\t\t\t\t<\/div>\n\t\t\t\t\t\t\t\t<div class=\"elementor-field-type-email elementor-field-group elementor-column elementor-field-group-email elementor-col-33 elementor-sm-50 elementor-field-required\">\n\t\t\t\t\t\t\t\t\t\t\t\t\t<input size=\"1\" type=\"email\" name=\"form_fields[email]\" id=\"form-field-email\" class=\"elementor-field elementor-size-sm  elementor-field-textual\" placeholder=\"Email\" required=\"required\">\n\t\t\t\t\t\t\t\t\t\t\t<\/div>\n\t\t\t\t\t\t\t\t<div class=\"elementor-field-type-tel elementor-field-group elementor-column elementor-field-group-field_7778df2 elementor-col-33\">\n\t\t\t\t\t\t\t<input size=\"1\" type=\"tel\" name=\"form_fields[field_7778df2]\" id=\"form-field-field_7778df2\" class=\"elementor-field elementor-size-sm  elementor-field-textual\" placeholder=\"Telefonnummer\" pattern=\"[0-9()#&amp;+*-=.]+\" title=\"Only numbers and phone characters (#, -, *, etc) are accepted.\">\n\n\t\t\t\t\t\t<\/div>\n\t\t\t\t\t\t\t\t<div class=\"elementor-field-type-textarea elementor-field-group elementor-column elementor-field-group-message elementor-col-100\">\n\t\t\t\t\t<textarea class=\"elementor-field-textual elementor-field  elementor-size-sm\" name=\"form_fields[message]\" id=\"form-field-message\" rows=\"4\" placeholder=\"Meddelande\"><\/textarea>\t\t\t\t<\/div>\n\t\t\t\t\t\t\t\t<div class=\"elementor-field-type-recaptcha_v3 elementor-field-group elementor-column elementor-field-group-field_7df717e elementor-col-100 recaptcha_v3-bottomright\">\n\t\t\t\t\t<div class=\"elementor-field\" id=\"form-field-field_7df717e\"><div class=\"elementor-g-recaptcha\" data-sitekey=\"6LfRn-woAAAAAPsbH3v16iBlHbVeKWaWIguGnaAZ\" data-type=\"v3\" data-action=\"Form\" data-badge=\"bottomright\" data-size=\"invisible\"><\/div><\/div>\t\t\t\t<\/div>\n\t\t\t\t\t\t\t\t<div class=\"elementor-field-group elementor-column elementor-field-type-submit elementor-col-100 e-form__buttons\">\n\t\t\t\t\t<button class=\"elementor-button elementor-size-sm\" type=\"submit\">\n\t\t\t\t\t\t<span class=\"elementor-button-content-wrapper\">\n\t\t\t\t\t\t\t\t\t\t\t\t\t\t\t\t\t\t\t\t\t\t<span class=\"elementor-button-text\">SKICKA MEDDELANDE<\/span>\n\t\t\t\t\t\t\t\t\t\t\t\t\t<\/span>\n\t\t\t\t\t<\/button>\n\t\t\t\t<\/div>\n\t\t\t<\/div>\n\t\t<\/form>\n\t\t\t\t\t\t<\/div>\n\t\t\t\t<\/div>\n\t\t\t\t\t<\/div>\n\t\t\t\t<\/div>\n\t\t\t\t<\/div>\n\t\t","protected":false},"excerpt":{"rendered":"<p>KONTAKT Wish And Way AB, Box 27284, 102 53 Stockholm Om du \u00e4r intresserad av v\u00e5rt varum\u00e4rke och v\u00e5ra produkter och vill bli \u00e5terf\u00f6rs\u00e4ljare, v\u00e4nligen kontakta oss genom formul\u00e4ret nedan, s\u00e5 \u00e5terkommer vi till dig. Om du \u00e4r konsument s\u00e5 h\u00e4nvisar vi dig till v\u00e5r FAQ. Om du inte hittar det du letar efter d\u00e4r, [&hellip;]<\/p>\n","protected":false},"author":1,"featured_media":0,"parent":0,"menu_order":0,"comment_status":"closed","ping_status":"closed","template":"","meta":{"_acf_changed":false,"inline_featured_image":false,"footnotes":""},"class_list":["post-184","page","type-page","status-publish","hentry"],"acf":[],"yoast_head":"<!-- This site is optimized with the Yoast SEO plugin v27.3 - https:\/\/yoast.com\/product\/yoast-seo-wordpress\/ -->\n<title>Kontakt - PROFFS<\/title>\n<meta name=\"robots\" content=\"index, follow, max-snippet:-1, max-image-preview:large, max-video-preview:-1\" \/>\n<link rel=\"canonical\" href=\"https:\/\/proffs.eu\/sv\/kontakt\/\" \/>\n<meta property=\"og:locale\" content=\"en_US\" \/>\n<meta property=\"og:type\" content=\"article\" \/>\n<meta property=\"og:title\" content=\"Kontakt - PROFFS\" \/>\n<meta property=\"og:description\" content=\"KONTAKT Wish And Way AB, Box 27284, 102 53 Stockholm Om du \u00e4r intresserad av v\u00e5rt varum\u00e4rke och v\u00e5ra produkter och vill bli \u00e5terf\u00f6rs\u00e4ljare, v\u00e4nligen kontakta oss genom formul\u00e4ret nedan, s\u00e5 \u00e5terkommer vi till dig. Om du \u00e4r konsument s\u00e5 h\u00e4nvisar vi dig till v\u00e5r FAQ. Om du inte hittar det du letar efter d\u00e4r, [&hellip;]\" \/>\n<meta property=\"og:url\" content=\"https:\/\/proffs.eu\/sv\/kontakt\/\" \/>\n<meta property=\"og:site_name\" content=\"PROFFS\" \/>\n<meta property=\"article:modified_time\" content=\"2025-06-19T10:13:13+00:00\" \/>\n<meta name=\"twitter:card\" content=\"summary_large_image\" \/>\n<meta name=\"twitter:label1\" content=\"Est. reading time\" \/>\n\t<meta name=\"twitter:data1\" content=\"1 minute\" \/>\n<script type=\"application\/ld+json\" class=\"yoast-schema-graph\">{\"@context\":\"https:\\\/\\\/schema.org\",\"@graph\":[{\"@type\":\"WebPage\",\"@id\":\"https:\\\/\\\/proffs.eu\\\/sv\\\/kontakt\\\/\",\"url\":\"https:\\\/\\\/proffs.eu\\\/sv\\\/kontakt\\\/\",\"name\":\"Kontakt - PROFFS\",\"isPartOf\":{\"@id\":\"https:\\\/\\\/proffs.eu\\\/sv\\\/#website\"},\"datePublished\":\"2023-10-05T10:10:14+00:00\",\"dateModified\":\"2025-06-19T10:13:13+00:00\",\"breadcrumb\":{\"@id\":\"https:\\\/\\\/proffs.eu\\\/sv\\\/kontakt\\\/#breadcrumb\"},\"inLanguage\":\"en-US\",\"potentialAction\":[{\"@type\":\"ReadAction\",\"target\":[\"https:\\\/\\\/proffs.eu\\\/sv\\\/kontakt\\\/\"]}]},{\"@type\":\"BreadcrumbList\",\"@id\":\"https:\\\/\\\/proffs.eu\\\/sv\\\/kontakt\\\/#breadcrumb\",\"itemListElement\":[{\"@type\":\"ListItem\",\"position\":1,\"name\":\"Home\",\"item\":\"https:\\\/\\\/proffs.eu\\\/sv\\\/\"},{\"@type\":\"ListItem\",\"position\":2,\"name\":\"Kontakt\"}]},{\"@type\":\"WebSite\",\"@id\":\"https:\\\/\\\/proffs.eu\\\/sv\\\/#website\",\"url\":\"https:\\\/\\\/proffs.eu\\\/sv\\\/\",\"name\":\"PROFFS\",\"description\":\"STILL GOING SUPER STRONG\",\"publisher\":{\"@id\":\"https:\\\/\\\/proffs.eu\\\/sv\\\/#organization\"},\"potentialAction\":[{\"@type\":\"SearchAction\",\"target\":{\"@type\":\"EntryPoint\",\"urlTemplate\":\"https:\\\/\\\/proffs.eu\\\/sv\\\/?s={search_term_string}\"},\"query-input\":{\"@type\":\"PropertyValueSpecification\",\"valueRequired\":true,\"valueName\":\"search_term_string\"}}],\"inLanguage\":\"en-US\"},{\"@type\":\"Organization\",\"@id\":\"https:\\\/\\\/proffs.eu\\\/sv\\\/#organization\",\"name\":\"PROFFS\",\"url\":\"https:\\\/\\\/proffs.eu\\\/sv\\\/\",\"logo\":{\"@type\":\"ImageObject\",\"inLanguage\":\"en-US\",\"@id\":\"https:\\\/\\\/proffs.eu\\\/sv\\\/#\\\/schema\\\/logo\\\/image\\\/\",\"url\":\"https:\\\/\\\/proffs.eu\\\/sv\\\/wp-content\\\/uploads\\\/sites\\\/2\\\/2023\\\/10\\\/Proffs-web-1.svg\",\"contentUrl\":\"https:\\\/\\\/proffs.eu\\\/sv\\\/wp-content\\\/uploads\\\/sites\\\/2\\\/2023\\\/10\\\/Proffs-web-1.svg\",\"width\":192,\"height\":54,\"caption\":\"PROFFS\"},\"image\":{\"@id\":\"https:\\\/\\\/proffs.eu\\\/sv\\\/#\\\/schema\\\/logo\\\/image\\\/\"}}]}<\/script>\n<!-- \/ Yoast SEO plugin. -->","yoast_head_json":{"title":"Kontakt - PROFFS","robots":{"index":"index","follow":"follow","max-snippet":"max-snippet:-1","max-image-preview":"max-image-preview:large","max-video-preview":"max-video-preview:-1"},"canonical":"https:\/\/proffs.eu\/sv\/kontakt\/","og_locale":"en_US","og_type":"article","og_title":"Kontakt - PROFFS","og_description":"KONTAKT Wish And Way AB, Box 27284, 102 53 Stockholm Om du \u00e4r intresserad av v\u00e5rt varum\u00e4rke och v\u00e5ra produkter och vill bli \u00e5terf\u00f6rs\u00e4ljare, v\u00e4nligen kontakta oss genom formul\u00e4ret nedan, s\u00e5 \u00e5terkommer vi till dig. Om du \u00e4r konsument s\u00e5 h\u00e4nvisar vi dig till v\u00e5r FAQ. Om du inte hittar det du letar efter d\u00e4r, [&hellip;]","og_url":"https:\/\/proffs.eu\/sv\/kontakt\/","og_site_name":"PROFFS","article_modified_time":"2025-06-19T10:13:13+00:00","twitter_card":"summary_large_image","twitter_misc":{"Est. reading time":"1 minute"},"schema":{"@context":"https:\/\/schema.org","@graph":[{"@type":"WebPage","@id":"https:\/\/proffs.eu\/sv\/kontakt\/","url":"https:\/\/proffs.eu\/sv\/kontakt\/","name":"Kontakt - PROFFS","isPartOf":{"@id":"https:\/\/proffs.eu\/sv\/#website"},"datePublished":"2023-10-05T10:10:14+00:00","dateModified":"2025-06-19T10:13:13+00:00","breadcrumb":{"@id":"https:\/\/proffs.eu\/sv\/kontakt\/#breadcrumb"},"inLanguage":"en-US","potentialAction":[{"@type":"ReadAction","target":["https:\/\/proffs.eu\/sv\/kontakt\/"]}]},{"@type":"BreadcrumbList","@id":"https:\/\/proffs.eu\/sv\/kontakt\/#breadcrumb","itemListElement":[{"@type":"ListItem","position":1,"name":"Home","item":"https:\/\/proffs.eu\/sv\/"},{"@type":"ListItem","position":2,"name":"Kontakt"}]},{"@type":"WebSite","@id":"https:\/\/proffs.eu\/sv\/#website","url":"https:\/\/proffs.eu\/sv\/","name":"PROFFS","description":"STILL GOING SUPER STRONG","publisher":{"@id":"https:\/\/proffs.eu\/sv\/#organization"},"potentialAction":[{"@type":"SearchAction","target":{"@type":"EntryPoint","urlTemplate":"https:\/\/proffs.eu\/sv\/?s={search_term_string}"},"query-input":{"@type":"PropertyValueSpecification","valueRequired":true,"valueName":"search_term_string"}}],"inLanguage":"en-US"},{"@type":"Organization","@id":"https:\/\/proffs.eu\/sv\/#organization","name":"PROFFS","url":"https:\/\/proffs.eu\/sv\/","logo":{"@type":"ImageObject","inLanguage":"en-US","@id":"https:\/\/proffs.eu\/sv\/#\/schema\/logo\/image\/","url":"https:\/\/proffs.eu\/sv\/wp-content\/uploads\/sites\/2\/2023\/10\/Proffs-web-1.svg","contentUrl":"https:\/\/proffs.eu\/sv\/wp-content\/uploads\/sites\/2\/2023\/10\/Proffs-web-1.svg","width":192,"height":54,"caption":"PROFFS"},"image":{"@id":"https:\/\/proffs.eu\/sv\/#\/schema\/logo\/image\/"}}]}},"_links":{"self":[{"href":"https:\/\/proffs.eu\/sv\/wp-json\/wp\/v2\/pages\/184","targetHints":{"allow":["GET"]}}],"collection":[{"href":"https:\/\/proffs.eu\/sv\/wp-json\/wp\/v2\/pages"}],"about":[{"href":"https:\/\/proffs.eu\/sv\/wp-json\/wp\/v2\/types\/page"}],"author":[{"embeddable":true,"href":"https:\/\/proffs.eu\/sv\/wp-json\/wp\/v2\/users\/1"}],"replies":[{"embeddable":true,"href":"https:\/\/proffs.eu\/sv\/wp-json\/wp\/v2\/comments?post=184"}],"version-history":[{"count":148,"href":"https:\/\/proffs.eu\/sv\/wp-json\/wp\/v2\/pages\/184\/revisions"}],"predecessor-version":[{"id":3112,"href":"https:\/\/proffs.eu\/sv\/wp-json\/wp\/v2\/pages\/184\/revisions\/3112"}],"wp:attachment":[{"href":"https:\/\/proffs.eu\/sv\/wp-json\/wp\/v2\/media?parent=184"}],"curies":[{"name":"wp","href":"https:\/\/api.w.org\/{rel}","templated":true}]}}