{"id":2844,"date":"2024-04-18T11:38:35","date_gmt":"2024-04-18T11:38:35","guid":{"rendered":"https:\/\/proffs.eu\/sv\/?page_id=2844"},"modified":"2025-06-19T10:12:46","modified_gmt":"2025-06-19T10:12:46","slug":"aterforsaljare","status":"publish","type":"page","link":"https:\/\/proffs.eu\/sv\/aterforsaljare\/","title":{"rendered":"\u00c5terf\u00f6rs\u00e4ljare"},"content":{"rendered":"\t\t<div data-elementor-type=\"wp-page\" data-elementor-id=\"2844\" class=\"elementor elementor-2844\" data-elementor-post-type=\"page\">\n\t\t\t\t<div class=\"elementor-element elementor-element-1e40a96 e-flex e-con-boxed e-con e-parent\" data-id=\"1e40a96\" data-element_type=\"container\" data-e-type=\"container\" data-settings=\"{&quot;background_background&quot;:&quot;classic&quot;}\">\n\t\t\t\t\t<div class=\"e-con-inner\">\n\t\t<div class=\"elementor-element elementor-element-1453e6d e-con-full e-flex e-con e-child\" data-id=\"1453e6d\" data-element_type=\"container\" data-e-type=\"container\">\n\t\t\t\t<div class=\"elementor-element elementor-element-e7af81d elementor-widget elementor-widget-heading\" data-id=\"e7af81d\" data-element_type=\"widget\" data-e-type=\"widget\" data-widget_type=\"heading.default\">\n\t\t\t\t<div class=\"elementor-widget-container\">\n\t\t\t\t\t<h2 class=\"elementor-heading-title elementor-size-default\">k\u00f6p v\u00e5ra produkter<\/h2>\t\t\t\t<\/div>\n\t\t\t\t<\/div>\n\t\t\t\t<div class=\"elementor-element elementor-element-da2a1e5 elementor-widget elementor-widget-heading\" data-id=\"da2a1e5\" data-element_type=\"widget\" data-e-type=\"widget\" data-widget_type=\"heading.default\">\n\t\t\t\t<div class=\"elementor-widget-container\">\n\t\t\t\t\t<h2 class=\"elementor-heading-title elementor-size-default\">hitta din butik<\/h2>\t\t\t\t<\/div>\n\t\t\t\t<\/div>\n\t\t\t\t<div class=\"elementor-element elementor-element-0d20166 elementor-widget elementor-widget-text-editor\" data-id=\"0d20166\" data-element_type=\"widget\" data-e-type=\"widget\" data-widget_type=\"text-editor.default\">\n\t\t\t\t<div class=\"elementor-widget-container\">\n\t\t\t\t\t\t\t\t\t<p>PROFFS har alltid str\u00e4vat efter att erbjuda b\u00e4sta kvalitet, till b\u00e4sta pris, med minsta m\u00f6jliga milj\u00f6p\u00e5verkan.<\/p>\t\t\t\t\t\t\t\t<\/div>\n\t\t\t\t<\/div>\n\t\t\t\t<div class=\"elementor-element elementor-element-3edfdbd elementor-widget elementor-widget-button\" data-id=\"3edfdbd\" data-element_type=\"widget\" data-e-type=\"widget\" data-widget_type=\"button.default\">\n\t\t\t\t<div class=\"elementor-widget-container\">\n\t\t\t\t\t\t\t\t\t<div class=\"elementor-button-wrapper\">\n\t\t\t\t\t<a class=\"elementor-button elementor-button-link elementor-size-sm\" href=\"#first-stores\">\n\t\t\t\t\t\t<span class=\"elementor-button-content-wrapper\">\n\t\t\t\t\t\t\t\t\t<span class=\"elementor-button-text\">hitta din butik<\/span>\n\t\t\t\t\t<\/span>\n\t\t\t\t\t<\/a>\n\t\t\t\t<\/div>\n\t\t\t\t\t\t\t\t<\/div>\n\t\t\t\t<\/div>\n\t\t\t\t<\/div>\n\t\t<div class=\"elementor-element elementor-element-455a10e e-con-full e-flex e-con e-child\" data-id=\"455a10e\" data-element_type=\"container\" data-e-type=\"container\" data-settings=\"{&quot;position&quot;:&quot;absolute&quot;}\">\n\t\t\t\t<div class=\"elementor-element elementor-element-ce37736 elementor-widget elementor-widget-image\" data-id=\"ce37736\" data-element_type=\"widget\" data-e-type=\"widget\" data-widget_type=\"image.default\">\n\t\t\t\t<div class=\"elementor-widget-container\">\n\t\t\t\t\t\t\t\t\t\t\t\t\t\t\t<img fetchpriority=\"high\" decoding=\"async\" width=\"800\" height=\"738\" src=\"https:\/\/proffs.eu\/sv\/wp-content\/uploads\/sites\/2\/2024\/04\/Product-image-1.png\" class=\"attachment-large size-large wp-image-2894\" alt=\"Proffs hairspray\" srcset=\"https:\/\/proffs.eu\/sv\/wp-content\/uploads\/sites\/2\/2024\/04\/Product-image-1.png 800w, https:\/\/proffs.eu\/sv\/wp-content\/uploads\/sites\/2\/2024\/04\/Product-image-1-300x277.png 300w, https:\/\/proffs.eu\/sv\/wp-content\/uploads\/sites\/2\/2024\/04\/Product-image-1-768x708.png 768w\" sizes=\"(max-width: 800px) 100vw, 800px\" \/>\t\t\t\t\t\t\t\t\t\t\t\t\t\t\t<\/div>\n\t\t\t\t<\/div>\n\t\t\t\t<\/div>\n\t\t\t\t\t<\/div>\n\t\t\t\t<\/div>\n\t\t<div class=\"elementor-element elementor-element-9b53b78 e-flex e-con-boxed e-con e-parent\" data-id=\"9b53b78\" data-element_type=\"container\" data-e-type=\"container\" id=\"first-stores\" data-settings=\"{&quot;background_background&quot;:&quot;classic&quot;}\">\n\t\t\t\t\t<div class=\"e-con-inner\">\n\t\t<a class=\"elementor-element elementor-element-c6fbca1 e-con-full e-flex e-con e-child\" data-id=\"c6fbca1\" data-element_type=\"container\" data-e-type=\"container\" href=\"https:\/\/www2.hm.com\/sv_se\/search-results.html?q=proffs\">\n\t\t\t\t<div class=\"elementor-element elementor-element-a98dcfe elementor-widget elementor-widget-image\" data-id=\"a98dcfe\" data-element_type=\"widget\" data-e-type=\"widget\" data-widget_type=\"image.default\">\n\t\t\t\t<div class=\"elementor-widget-container\">\n\t\t\t\t\t\t\t\t\t\t\t\t\t\t\t<img decoding=\"async\" width=\"150\" height=\"99\" src=\"https:\/\/proffs.eu\/sv\/wp-content\/uploads\/sites\/2\/2024\/04\/HM-Logo-1-2-1.svg\" class=\"attachment-thumbnail size-thumbnail wp-image-2907\" alt=\"HM-Logo\" \/>\t\t\t\t\t\t\t\t\t\t\t\t\t\t\t<\/div>\n\t\t\t\t<\/div>\n\t\t\t\t<\/a>\n\t\t<a class=\"elementor-element elementor-element-557c267 e-con-full e-flex e-con e-child\" data-id=\"557c267\" data-element_type=\"container\" data-e-type=\"container\" href=\"https:\/\/www.ahlens.se\/varumarken\/proffs\/skonhet\">\n\t\t\t\t<div class=\"elementor-element elementor-element-1a4667c elementor-widget elementor-widget-image\" data-id=\"1a4667c\" data-element_type=\"widget\" data-e-type=\"widget\" data-widget_type=\"image.default\">\n\t\t\t\t<div class=\"elementor-widget-container\">\n\t\t\t\t\t\t\t\t\t\t\t\t\t\t\t<img decoding=\"async\" width=\"150\" height=\"35\" src=\"https:\/\/proffs.eu\/sv\/wp-content\/uploads\/sites\/2\/2024\/04\/Ahlens-Logo-1-2.svg\" class=\"attachment-thumbnail size-thumbnail wp-image-2908\" alt=\"\u00c5hlens-Logo\" \/>\t\t\t\t\t\t\t\t\t\t\t\t\t\t\t<\/div>\n\t\t\t\t<\/div>\n\t\t\t\t<\/a>\n\t\t<a class=\"elementor-element elementor-element-69c2c64 e-con-full e-flex e-con e-child\" data-id=\"69c2c64\" data-element_type=\"container\" data-e-type=\"container\" href=\"https:\/\/www.lindex.com\/se\/beauty\/proffs\">\n\t\t\t\t<div class=\"elementor-element elementor-element-068b06e elementor-widget elementor-widget-image\" data-id=\"068b06e\" data-element_type=\"widget\" data-e-type=\"widget\" data-widget_type=\"image.default\">\n\t\t\t\t<div class=\"elementor-widget-container\">\n\t\t\t\t\t\t\t\t\t\t\t\t\t\t\t<img loading=\"lazy\" decoding=\"async\" width=\"150\" height=\"46\" src=\"https:\/\/proffs.eu\/sv\/wp-content\/uploads\/sites\/2\/2024\/04\/Lindex_logo-2-1.svg\" class=\"attachment-thumbnail size-thumbnail wp-image-2909\" alt=\"Lindex_logo\" \/>\t\t\t\t\t\t\t\t\t\t\t\t\t\t\t<\/div>\n\t\t\t\t<\/div>\n\t\t\t\t<\/a>\n\t\t<a class=\"elementor-element elementor-element-b89ea9a e-con-full e-flex e-con e-child\" data-id=\"b89ea9a\" data-element_type=\"container\" data-e-type=\"container\" href=\"https:\/\/www.ica.se\/\">\n\t\t\t\t<div class=\"elementor-element elementor-element-36493d1 elementor-widget elementor-widget-image\" data-id=\"36493d1\" data-element_type=\"widget\" data-e-type=\"widget\" data-widget_type=\"image.default\">\n\t\t\t\t<div class=\"elementor-widget-container\">\n\t\t\t\t\t\t\t\t\t\t\t\t\t\t\t<img loading=\"lazy\" decoding=\"async\" width=\"150\" height=\"73\" src=\"https:\/\/proffs.eu\/sv\/wp-content\/uploads\/sites\/2\/2024\/04\/Frame-34-1.svg\" class=\"attachment-thumbnail size-thumbnail wp-image-2912\" alt=\"ICA logo\" \/>\t\t\t\t\t\t\t\t\t\t\t\t\t\t\t<\/div>\n\t\t\t\t<\/div>\n\t\t\t\t<\/a>\n\t\t\t\t\t<\/div>\n\t\t\t\t<\/div>\n\t\t<div class=\"elementor-element elementor-element-dfb3550 e-flex e-con-boxed e-con e-parent\" data-id=\"dfb3550\" data-element_type=\"container\" data-e-type=\"container\" data-settings=\"{&quot;background_background&quot;:&quot;classic&quot;}\">\n\t\t\t\t\t<div class=\"e-con-inner\">\n\t\t<a class=\"elementor-element elementor-element-aff4bb6 e-con-full e-flex e-con e-child\" data-id=\"aff4bb6\" data-element_type=\"container\" data-e-type=\"container\" href=\"https:\/\/www.rusta.com\/se\/sv\/sok\/?q=Proffs&#038;type=items\">\n\t\t\t\t<div class=\"elementor-element elementor-element-6555882 elementor-widget elementor-widget-image\" data-id=\"6555882\" data-element_type=\"widget\" data-e-type=\"widget\" data-widget_type=\"image.default\">\n\t\t\t\t<div class=\"elementor-widget-container\">\n\t\t\t\t\t\t\t\t\t\t\t\t\t\t\t<img loading=\"lazy\" decoding=\"async\" width=\"150\" height=\"36\" src=\"https:\/\/proffs.eu\/sv\/wp-content\/uploads\/sites\/2\/2024\/04\/Frame-33-1.svg\" class=\"attachment-thumbnail size-thumbnail wp-image-2915\" alt=\"Rusta logo\" \/>\t\t\t\t\t\t\t\t\t\t\t\t\t\t\t<\/div>\n\t\t\t\t<\/div>\n\t\t\t\t<\/a>\n\t\t<a class=\"elementor-element elementor-element-3dc7dfe e-con-full e-flex e-con e-child\" data-id=\"3dc7dfe\" data-element_type=\"container\" data-e-type=\"container\" href=\"https:\/\/www.dagab.se\/\">\n\t\t\t\t<div class=\"elementor-element elementor-element-e2f4777 elementor-widget elementor-widget-image\" data-id=\"e2f4777\" data-element_type=\"widget\" data-e-type=\"widget\" data-widget_type=\"image.default\">\n\t\t\t\t<div class=\"elementor-widget-container\">\n\t\t\t\t\t\t\t\t\t\t\t\t\t\t\t<img loading=\"lazy\" decoding=\"async\" width=\"150\" height=\"128\" src=\"https:\/\/proffs.eu\/sv\/wp-content\/uploads\/sites\/2\/2023\/11\/Frame-25.svg\" class=\"attachment-thumbnail size-thumbnail wp-image-2329\" alt=\"Dagab logo\" \/>\t\t\t\t\t\t\t\t\t\t\t\t\t\t\t<\/div>\n\t\t\t\t<\/div>\n\t\t\t\t<\/a>\n\t\t<a class=\"elementor-element elementor-element-d297821 e-con-full e-flex e-con e-child\" data-id=\"d297821\" data-element_type=\"container\" data-e-type=\"container\" href=\"https:\/\/www.coop.se\/globalt-sok\/?query=Proffs\">\n\t\t\t\t<div class=\"elementor-element elementor-element-157b0e4 elementor-widget elementor-widget-image\" data-id=\"157b0e4\" data-element_type=\"widget\" data-e-type=\"widget\" data-widget_type=\"image.default\">\n\t\t\t\t<div class=\"elementor-widget-container\">\n\t\t\t\t\t\t\t\t\t\t\t\t\t\t\t<img loading=\"lazy\" decoding=\"async\" width=\"150\" height=\"43\" src=\"https:\/\/proffs.eu\/sv\/wp-content\/uploads\/sites\/2\/2024\/04\/Coop_logo-1-1.svg\" class=\"attachment-thumbnail size-thumbnail wp-image-2913\" alt=\"Coop_logo\" \/>\t\t\t\t\t\t\t\t\t\t\t\t\t\t\t<\/div>\n\t\t\t\t<\/div>\n\t\t\t\t<\/a>\n\t\t<a class=\"elementor-element elementor-element-b81480f e-con-full e-flex e-con e-child\" data-id=\"b81480f\" data-element_type=\"container\" data-e-type=\"container\">\n\t\t\t\t<div class=\"elementor-element elementor-element-0f224f4 elementor-widget elementor-widget-image\" data-id=\"0f224f4\" data-element_type=\"widget\" data-e-type=\"widget\" data-widget_type=\"image.default\">\n\t\t\t\t<div class=\"elementor-widget-container\">\n\t\t\t\t\t\t\t\t\t\t\t\t\t\t\t<img loading=\"lazy\" decoding=\"async\" width=\"150\" height=\"128\" src=\"https:\/\/proffs.eu\/sv\/wp-content\/uploads\/sites\/2\/2023\/11\/Frame-27.svg\" class=\"attachment-thumbnail size-thumbnail wp-image-2331\" alt=\"S logo\" \/>\t\t\t\t\t\t\t\t\t\t\t\t\t\t\t<\/div>\n\t\t\t\t<\/div>\n\t\t\t\t<\/a>\n\t\t\t\t\t<\/div>\n\t\t\t\t<\/div>\n\t\t<div class=\"elementor-element elementor-element-f0e7037 e-flex e-con-boxed e-con e-parent\" data-id=\"f0e7037\" data-element_type=\"container\" data-e-type=\"container\" data-settings=\"{&quot;background_background&quot;:&quot;classic&quot;}\">\n\t\t\t\t\t<div class=\"e-con-inner\">\n\t\t<a class=\"elementor-element elementor-element-af57791 e-con-full e-flex e-con e-child\" data-id=\"af57791\" data-element_type=\"container\" data-e-type=\"container\" href=\"https:\/\/www.coop.no\/\">\n\t\t\t\t<div class=\"elementor-element elementor-element-087fa0a elementor-widget elementor-widget-image\" data-id=\"087fa0a\" data-element_type=\"widget\" data-e-type=\"widget\" data-widget_type=\"image.default\">\n\t\t\t\t<div class=\"elementor-widget-container\">\n\t\t\t\t\t\t\t\t\t\t\t\t\t\t\t<img loading=\"lazy\" decoding=\"async\" width=\"150\" height=\"128\" src=\"https:\/\/proffs.eu\/sv\/wp-content\/uploads\/sites\/2\/2023\/11\/Frame-28.svg\" class=\"attachment-thumbnail size-thumbnail wp-image-2332\" alt=\"Coop logo\" \/>\t\t\t\t\t\t\t\t\t\t\t\t\t\t\t<\/div>\n\t\t\t\t<\/div>\n\t\t\t\t<\/a>\n\t\t<a class=\"elementor-element elementor-element-c76426c e-con-full e-flex e-con e-child\" data-id=\"c76426c\" data-element_type=\"container\" data-e-type=\"container\" href=\"https:\/\/lyko.com\/sv\/proffs-styling?fromsearch=proffs\">\n\t\t\t\t<div class=\"elementor-element elementor-element-c1e7881 elementor-widget elementor-widget-image\" data-id=\"c1e7881\" data-element_type=\"widget\" data-e-type=\"widget\" data-widget_type=\"image.default\">\n\t\t\t\t<div class=\"elementor-widget-container\">\n\t\t\t\t\t\t\t\t\t\t\t\t\t\t\t<img loading=\"lazy\" decoding=\"async\" width=\"150\" height=\"128\" src=\"https:\/\/proffs.eu\/sv\/wp-content\/uploads\/sites\/2\/2024\/04\/Frame-29.svg\" class=\"attachment-thumbnail size-thumbnail wp-image-2977\" alt=\"Lyko logo\" \/>\t\t\t\t\t\t\t\t\t\t\t\t\t\t\t<\/div>\n\t\t\t\t<\/div>\n\t\t\t\t<\/a>\n\t\t<a class=\"elementor-element elementor-element-5b3332b e-con-full e-flex e-con e-child\" data-id=\"5b3332b\" data-element_type=\"container\" data-e-type=\"container\" href=\"https:\/\/www.apotekhjartat.se\/soksida\/?query=proffs\">\n\t\t\t\t<div class=\"elementor-element elementor-element-751011d elementor-widget elementor-widget-image\" data-id=\"751011d\" data-element_type=\"widget\" data-e-type=\"widget\" data-widget_type=\"image.default\">\n\t\t\t\t<div class=\"elementor-widget-container\">\n\t\t\t\t\t\t\t\t\t\t\t\t\t\t\t<img loading=\"lazy\" decoding=\"async\" width=\"150\" height=\"27\" src=\"https:\/\/proffs.eu\/sv\/wp-content\/uploads\/sites\/2\/2024\/04\/apoteket-1.svg\" class=\"attachment-thumbnail size-thumbnail wp-image-2911\" alt=\"apoteket logo\" \/>\t\t\t\t\t\t\t\t\t\t\t\t\t\t\t<\/div>\n\t\t\t\t<\/div>\n\t\t\t\t<\/a>\n\t\t<a class=\"elementor-element elementor-element-881cd54 e-con-full e-flex e-con e-child\" data-id=\"881cd54\" data-element_type=\"container\" data-e-type=\"container\" href=\"https:\/\/www.apohem.se\/\">\n\t\t\t\t<div class=\"elementor-element elementor-element-d76e6a5 elementor-widget elementor-widget-image\" data-id=\"d76e6a5\" data-element_type=\"widget\" data-e-type=\"widget\" data-widget_type=\"image.default\">\n\t\t\t\t<div class=\"elementor-widget-container\">\n\t\t\t\t\t\t\t\t\t\t\t\t\t\t\t<img loading=\"lazy\" decoding=\"async\" width=\"150\" height=\"150\" src=\"https:\/\/proffs.eu\/sv\/wp-content\/uploads\/sites\/2\/2024\/08\/apohem-se-logo-vector-1.svg\" class=\"attachment-thumbnail size-thumbnail wp-image-3000\" alt=\"apohem-se-logo\" \/>\t\t\t\t\t\t\t\t\t\t\t\t\t\t\t<\/div>\n\t\t\t\t<\/div>\n\t\t\t\t<\/a>\n\t\t\t\t\t<\/div>\n\t\t\t\t<\/div>\n\t\t<div class=\"elementor-element elementor-element-bb49271 e-flex e-con-boxed e-con e-parent\" data-id=\"bb49271\" data-element_type=\"container\" data-e-type=\"container\" data-settings=\"{&quot;background_background&quot;:&quot;classic&quot;}\">\n\t\t\t\t\t<div class=\"e-con-inner\">\n\t\t\t\t<div class=\"elementor-element elementor-element-715f1e5 elementor-widget__width-initial contact-info elementor-widget elementor-widget-text-editor\" data-id=\"715f1e5\" data-element_type=\"widget\" data-e-type=\"widget\" data-widget_type=\"text-editor.default\">\n\t\t\t\t<div class=\"elementor-widget-container\">\n\t\t\t\t\t\t\t\t\t<p><span style=\"color: var( --e-global-color-accent );\">om du vill kontakta oss, skicka ett mail till <\/span><a style=\"background-color: #d30083;\" href=\"mailto:info@wishandway.se\">info@wishandway.se<\/a><\/p>\t\t\t\t\t\t\t\t<\/div>\n\t\t\t\t<\/div>\n\t\t<div class=\"elementor-element elementor-element-71e3fd7 e-flex e-con-boxed e-con e-child\" data-id=\"71e3fd7\" data-element_type=\"container\" data-e-type=\"container\">\n\t\t\t\t\t<div class=\"e-con-inner\">\n\t\t\t\t<div class=\"elementor-element elementor-element-53b886a elementor-widget elementor-widget-image\" data-id=\"53b886a\" data-element_type=\"widget\" data-e-type=\"widget\" data-widget_type=\"image.default\">\n\t\t\t\t<div class=\"elementor-widget-container\">\n\t\t\t\t\t\t\t\t\t\t\t\t\t\t\t<img loading=\"lazy\" decoding=\"async\" width=\"192\" height=\"54\" src=\"https:\/\/proffs.eu\/sv\/wp-content\/uploads\/sites\/2\/2024\/04\/Proffs-web-1.svg\" class=\"attachment-full size-full wp-image-2856\" alt=\"Proffs logo\" \/>\t\t\t\t\t\t\t\t\t\t\t\t\t\t\t<\/div>\n\t\t\t\t<\/div>\n\t\t\t\t\t<\/div>\n\t\t\t\t<\/div>\n\t\t\t\t\t<\/div>\n\t\t\t\t<\/div>\n\t\t\t\t<\/div>\n\t\t","protected":false},"excerpt":{"rendered":"<p>k\u00f6p v\u00e5ra produkter hitta din butik PROFFS har alltid str\u00e4vat efter att erbjuda b\u00e4sta kvalitet, till b\u00e4sta pris, med minsta m\u00f6jliga milj\u00f6p\u00e5verkan. hitta din butik om du vill kontakta oss, skicka ett mail till info@wishandway.se<\/p>\n","protected":false},"author":1,"featured_media":0,"parent":0,"menu_order":0,"comment_status":"closed","ping_status":"closed","template":"","meta":{"_acf_changed":false,"inline_featured_image":false,"footnotes":""},"class_list":["post-2844","page","type-page","status-publish","hentry"],"acf":[],"yoast_head":"<!-- This site is optimized with the Yoast SEO plugin v27.3 - https:\/\/yoast.com\/product\/yoast-seo-wordpress\/ -->\n<title>\u00c5terf\u00f6rs\u00e4ljare - PROFFS<\/title>\n<meta name=\"robots\" content=\"index, follow, max-snippet:-1, max-image-preview:large, max-video-preview:-1\" \/>\n<link rel=\"canonical\" href=\"https:\/\/proffs.eu\/sv\/aterforsaljare\/\" \/>\n<meta property=\"og:locale\" content=\"en_US\" \/>\n<meta property=\"og:type\" content=\"article\" \/>\n<meta property=\"og:title\" content=\"\u00c5terf\u00f6rs\u00e4ljare - PROFFS\" \/>\n<meta property=\"og:description\" content=\"k\u00f6p v\u00e5ra produkter hitta din butik PROFFS har alltid str\u00e4vat efter att erbjuda b\u00e4sta kvalitet, till b\u00e4sta pris, med minsta m\u00f6jliga milj\u00f6p\u00e5verkan. hitta din butik om du vill kontakta oss, skicka ett mail till info@wishandway.se\" \/>\n<meta property=\"og:url\" content=\"https:\/\/proffs.eu\/sv\/aterforsaljare\/\" \/>\n<meta property=\"og:site_name\" content=\"PROFFS\" \/>\n<meta property=\"article:modified_time\" content=\"2025-06-19T10:12:46+00:00\" \/>\n<meta property=\"og:image\" content=\"https:\/\/proffs.eu\/sv\/wp-content\/uploads\/sites\/2\/2024\/04\/Product-image-1.png\" \/>\n\t<meta property=\"og:image:width\" content=\"800\" \/>\n\t<meta property=\"og:image:height\" content=\"738\" \/>\n\t<meta property=\"og:image:type\" content=\"image\/png\" \/>\n<meta name=\"twitter:card\" content=\"summary_large_image\" \/>\n<meta name=\"twitter:label1\" content=\"Est. reading time\" \/>\n\t<meta name=\"twitter:data1\" content=\"3 minutes\" \/>\n<script type=\"application\/ld+json\" class=\"yoast-schema-graph\">{\"@context\":\"https:\\\/\\\/schema.org\",\"@graph\":[{\"@type\":\"WebPage\",\"@id\":\"https:\\\/\\\/proffs.eu\\\/sv\\\/aterforsaljare\\\/\",\"url\":\"https:\\\/\\\/proffs.eu\\\/sv\\\/aterforsaljare\\\/\",\"name\":\"\u00c5terf\u00f6rs\u00e4ljare - PROFFS\",\"isPartOf\":{\"@id\":\"https:\\\/\\\/proffs.eu\\\/sv\\\/#website\"},\"primaryImageOfPage\":{\"@id\":\"https:\\\/\\\/proffs.eu\\\/sv\\\/aterforsaljare\\\/#primaryimage\"},\"image\":{\"@id\":\"https:\\\/\\\/proffs.eu\\\/sv\\\/aterforsaljare\\\/#primaryimage\"},\"thumbnailUrl\":\"https:\\\/\\\/proffs.eu\\\/sv\\\/wp-content\\\/uploads\\\/sites\\\/2\\\/2024\\\/04\\\/Product-image-1.png\",\"datePublished\":\"2024-04-18T11:38:35+00:00\",\"dateModified\":\"2025-06-19T10:12:46+00:00\",\"breadcrumb\":{\"@id\":\"https:\\\/\\\/proffs.eu\\\/sv\\\/aterforsaljare\\\/#breadcrumb\"},\"inLanguage\":\"en-US\",\"potentialAction\":[{\"@type\":\"ReadAction\",\"target\":[\"https:\\\/\\\/proffs.eu\\\/sv\\\/aterforsaljare\\\/\"]}]},{\"@type\":\"ImageObject\",\"inLanguage\":\"en-US\",\"@id\":\"https:\\\/\\\/proffs.eu\\\/sv\\\/aterforsaljare\\\/#primaryimage\",\"url\":\"https:\\\/\\\/proffs.eu\\\/sv\\\/wp-content\\\/uploads\\\/sites\\\/2\\\/2024\\\/04\\\/Product-image-1.png\",\"contentUrl\":\"https:\\\/\\\/proffs.eu\\\/sv\\\/wp-content\\\/uploads\\\/sites\\\/2\\\/2024\\\/04\\\/Product-image-1.png\",\"width\":800,\"height\":738,\"caption\":\"Proffs hairspray\"},{\"@type\":\"BreadcrumbList\",\"@id\":\"https:\\\/\\\/proffs.eu\\\/sv\\\/aterforsaljare\\\/#breadcrumb\",\"itemListElement\":[{\"@type\":\"ListItem\",\"position\":1,\"name\":\"Home\",\"item\":\"https:\\\/\\\/proffs.eu\\\/sv\\\/\"},{\"@type\":\"ListItem\",\"position\":2,\"name\":\"\u00c5terf\u00f6rs\u00e4ljare\"}]},{\"@type\":\"WebSite\",\"@id\":\"https:\\\/\\\/proffs.eu\\\/sv\\\/#website\",\"url\":\"https:\\\/\\\/proffs.eu\\\/sv\\\/\",\"name\":\"PROFFS\",\"description\":\"STILL GOING SUPER STRONG\",\"publisher\":{\"@id\":\"https:\\\/\\\/proffs.eu\\\/sv\\\/#organization\"},\"potentialAction\":[{\"@type\":\"SearchAction\",\"target\":{\"@type\":\"EntryPoint\",\"urlTemplate\":\"https:\\\/\\\/proffs.eu\\\/sv\\\/?s={search_term_string}\"},\"query-input\":{\"@type\":\"PropertyValueSpecification\",\"valueRequired\":true,\"valueName\":\"search_term_string\"}}],\"inLanguage\":\"en-US\"},{\"@type\":\"Organization\",\"@id\":\"https:\\\/\\\/proffs.eu\\\/sv\\\/#organization\",\"name\":\"PROFFS\",\"url\":\"https:\\\/\\\/proffs.eu\\\/sv\\\/\",\"logo\":{\"@type\":\"ImageObject\",\"inLanguage\":\"en-US\",\"@id\":\"https:\\\/\\\/proffs.eu\\\/sv\\\/#\\\/schema\\\/logo\\\/image\\\/\",\"url\":\"https:\\\/\\\/proffs.eu\\\/sv\\\/wp-content\\\/uploads\\\/sites\\\/2\\\/2023\\\/10\\\/Proffs-web-1.svg\",\"contentUrl\":\"https:\\\/\\\/proffs.eu\\\/sv\\\/wp-content\\\/uploads\\\/sites\\\/2\\\/2023\\\/10\\\/Proffs-web-1.svg\",\"width\":192,\"height\":54,\"caption\":\"PROFFS\"},\"image\":{\"@id\":\"https:\\\/\\\/proffs.eu\\\/sv\\\/#\\\/schema\\\/logo\\\/image\\\/\"}}]}<\/script>\n<!-- \/ Yoast SEO plugin. -->","yoast_head_json":{"title":"\u00c5terf\u00f6rs\u00e4ljare - PROFFS","robots":{"index":"index","follow":"follow","max-snippet":"max-snippet:-1","max-image-preview":"max-image-preview:large","max-video-preview":"max-video-preview:-1"},"canonical":"https:\/\/proffs.eu\/sv\/aterforsaljare\/","og_locale":"en_US","og_type":"article","og_title":"\u00c5terf\u00f6rs\u00e4ljare - PROFFS","og_description":"k\u00f6p v\u00e5ra produkter hitta din butik PROFFS har alltid str\u00e4vat efter att erbjuda b\u00e4sta kvalitet, till b\u00e4sta pris, med minsta m\u00f6jliga milj\u00f6p\u00e5verkan. hitta din butik om du vill kontakta oss, skicka ett mail till info@wishandway.se","og_url":"https:\/\/proffs.eu\/sv\/aterforsaljare\/","og_site_name":"PROFFS","article_modified_time":"2025-06-19T10:12:46+00:00","og_image":[{"width":800,"height":738,"url":"https:\/\/proffs.eu\/sv\/wp-content\/uploads\/sites\/2\/2024\/04\/Product-image-1.png","type":"image\/png"}],"twitter_card":"summary_large_image","twitter_misc":{"Est. reading time":"3 minutes"},"schema":{"@context":"https:\/\/schema.org","@graph":[{"@type":"WebPage","@id":"https:\/\/proffs.eu\/sv\/aterforsaljare\/","url":"https:\/\/proffs.eu\/sv\/aterforsaljare\/","name":"\u00c5terf\u00f6rs\u00e4ljare - PROFFS","isPartOf":{"@id":"https:\/\/proffs.eu\/sv\/#website"},"primaryImageOfPage":{"@id":"https:\/\/proffs.eu\/sv\/aterforsaljare\/#primaryimage"},"image":{"@id":"https:\/\/proffs.eu\/sv\/aterforsaljare\/#primaryimage"},"thumbnailUrl":"https:\/\/proffs.eu\/sv\/wp-content\/uploads\/sites\/2\/2024\/04\/Product-image-1.png","datePublished":"2024-04-18T11:38:35+00:00","dateModified":"2025-06-19T10:12:46+00:00","breadcrumb":{"@id":"https:\/\/proffs.eu\/sv\/aterforsaljare\/#breadcrumb"},"inLanguage":"en-US","potentialAction":[{"@type":"ReadAction","target":["https:\/\/proffs.eu\/sv\/aterforsaljare\/"]}]},{"@type":"ImageObject","inLanguage":"en-US","@id":"https:\/\/proffs.eu\/sv\/aterforsaljare\/#primaryimage","url":"https:\/\/proffs.eu\/sv\/wp-content\/uploads\/sites\/2\/2024\/04\/Product-image-1.png","contentUrl":"https:\/\/proffs.eu\/sv\/wp-content\/uploads\/sites\/2\/2024\/04\/Product-image-1.png","width":800,"height":738,"caption":"Proffs hairspray"},{"@type":"BreadcrumbList","@id":"https:\/\/proffs.eu\/sv\/aterforsaljare\/#breadcrumb","itemListElement":[{"@type":"ListItem","position":1,"name":"Home","item":"https:\/\/proffs.eu\/sv\/"},{"@type":"ListItem","position":2,"name":"\u00c5terf\u00f6rs\u00e4ljare"}]},{"@type":"WebSite","@id":"https:\/\/proffs.eu\/sv\/#website","url":"https:\/\/proffs.eu\/sv\/","name":"PROFFS","description":"STILL GOING SUPER STRONG","publisher":{"@id":"https:\/\/proffs.eu\/sv\/#organization"},"potentialAction":[{"@type":"SearchAction","target":{"@type":"EntryPoint","urlTemplate":"https:\/\/proffs.eu\/sv\/?s={search_term_string}"},"query-input":{"@type":"PropertyValueSpecification","valueRequired":true,"valueName":"search_term_string"}}],"inLanguage":"en-US"},{"@type":"Organization","@id":"https:\/\/proffs.eu\/sv\/#organization","name":"PROFFS","url":"https:\/\/proffs.eu\/sv\/","logo":{"@type":"ImageObject","inLanguage":"en-US","@id":"https:\/\/proffs.eu\/sv\/#\/schema\/logo\/image\/","url":"https:\/\/proffs.eu\/sv\/wp-content\/uploads\/sites\/2\/2023\/10\/Proffs-web-1.svg","contentUrl":"https:\/\/proffs.eu\/sv\/wp-content\/uploads\/sites\/2\/2023\/10\/Proffs-web-1.svg","width":192,"height":54,"caption":"PROFFS"},"image":{"@id":"https:\/\/proffs.eu\/sv\/#\/schema\/logo\/image\/"}}]}},"_links":{"self":[{"href":"https:\/\/proffs.eu\/sv\/wp-json\/wp\/v2\/pages\/2844","targetHints":{"allow":["GET"]}}],"collection":[{"href":"https:\/\/proffs.eu\/sv\/wp-json\/wp\/v2\/pages"}],"about":[{"href":"https:\/\/proffs.eu\/sv\/wp-json\/wp\/v2\/types\/page"}],"author":[{"embeddable":true,"href":"https:\/\/proffs.eu\/sv\/wp-json\/wp\/v2\/users\/1"}],"replies":[{"embeddable":true,"href":"https:\/\/proffs.eu\/sv\/wp-json\/wp\/v2\/comments?post=2844"}],"version-history":[{"count":85,"href":"https:\/\/proffs.eu\/sv\/wp-json\/wp\/v2\/pages\/2844\/revisions"}],"predecessor-version":[{"id":3106,"href":"https:\/\/proffs.eu\/sv\/wp-json\/wp\/v2\/pages\/2844\/revisions\/3106"}],"wp:attachment":[{"href":"https:\/\/proffs.eu\/sv\/wp-json\/wp\/v2\/media?parent=2844"}],"curies":[{"name":"wp","href":"https:\/\/api.w.org\/{rel}","templated":true}]}}