{"id":3080,"date":"2025-06-19T09:57:31","date_gmt":"2025-06-19T09:57:31","guid":{"rendered":"https:\/\/proffs.eu\/sv\/?page_id=3080"},"modified":"2025-06-19T10:12:36","modified_gmt":"2025-06-19T10:12:36","slug":"tillganglighetsredogorelse","status":"publish","type":"page","link":"https:\/\/proffs.eu\/sv\/tillganglighetsredogorelse\/","title":{"rendered":"Tillg\u00e4nglighetsredog\u00f6relse"},"content":{"rendered":"\t\t<div data-elementor-type=\"wp-page\" data-elementor-id=\"3080\" class=\"elementor elementor-3080\" data-elementor-post-type=\"page\">\n\t\t\t\t<div class=\"elementor-element elementor-element-d9c4d0e tillganglighet e-flex e-con-boxed e-con e-parent\" data-id=\"d9c4d0e\" data-element_type=\"container\" data-e-type=\"container\">\n\t\t\t\t\t<div class=\"e-con-inner\">\n\t\t\t\t<div class=\"elementor-element elementor-element-e2b7bfe elementor-widget elementor-widget-heading\" data-id=\"e2b7bfe\" data-element_type=\"widget\" data-e-type=\"widget\" data-widget_type=\"heading.default\">\n\t\t\t\t<div class=\"elementor-widget-container\">\n\t\t\t\t\t<h1 class=\"elementor-heading-title elementor-size-default\">Tillg\u00e4nglighetsredog\u00f6relse f\u00f6r proffs.eu\/sv\n<\/h1>\t\t\t\t<\/div>\n\t\t\t\t<\/div>\n\t\t\t\t<div class=\"elementor-element elementor-element-80f6b67 elementor-widget elementor-widget-text-editor\" data-id=\"80f6b67\" data-element_type=\"widget\" data-e-type=\"widget\" data-widget_type=\"text-editor.default\">\n\t\t\t\t<div class=\"elementor-widget-container\">\n\t\t\t\t\t\t\t\t\t<p>\u00a0<\/p><p data-start=\"226\" data-end=\"327\">Hj\u00e4lp oss g\u00e4rna att rapportera brister s\u00e5 att vi kan \u00e5tg\u00e4rda dem. Mejla till<br data-start=\"302\" data-end=\"305\" \/><strong data-start=\"305\" data-end=\"327\"><a class=\"cursor-pointer\" rel=\"noopener\" data-start=\"307\" data-end=\"325\">info@wishandway.se<\/a><\/strong><\/p><p data-start=\"329\" data-end=\"547\">Den h\u00e4r tillg\u00e4nglighetsredog\u00f6relsen beskriver hur webbplatsen <strong data-start=\"391\" data-end=\"407\">proffs.eu\/sv<\/strong> uppfyller grundl\u00e4ggande krav p\u00e5 digital tillg\u00e4nglighet, eventuella k\u00e4nda tillg\u00e4nglighetsproblem och hur du kan rapportera brister till oss.<\/p><hr data-start=\"549\" data-end=\"552\" \/><h3 data-start=\"554\" data-end=\"589\">Hur tillg\u00e4nglig \u00e4r webbplatsen?<\/h3><p data-start=\"591\" data-end=\"921\">Vi \u00e4r medvetna om att delar av webbplatsen inte \u00e4r fullt tillg\u00e4ngliga.<br data-start=\"661\" data-end=\"664\" \/>En tillg\u00e4nglighetsgranskning visar att sajten till stor del fungerar v\u00e4l, men att vissa tekniska brister f\u00f6rekommer. V\u00e5r ambition \u00e4r att \u00e5tg\u00e4rda dessa successivt under 2025. Webbplatsen har vid m\u00e4ttillf\u00e4llet uppn\u00e5tt en tillg\u00e4nglighetspo\u00e4ng p\u00e5 <strong data-start=\"907\" data-end=\"920\">7,9 av 10<\/strong>.<\/p><hr data-start=\"923\" data-end=\"926\" \/><h3 data-start=\"928\" data-end=\"954\">Otillg\u00e4ngligt inneh\u00e5ll<\/h3><h4 data-start=\"956\" data-end=\"998\">Brister i webbplatsens tillg\u00e4nglighet<\/h4><ul data-start=\"1000\" data-end=\"1933\"><li data-start=\"1000\" data-end=\"1190\"><p data-start=\"1002\" data-end=\"1190\"><strong data-start=\"1002\" data-end=\"1021\">F\u00e4rgkontraster:<\/strong> Ett antal texter och element har otillr\u00e4cklig kontrast i f\u00f6rh\u00e5llande till bakgrunden, vilket kan g\u00f6ra inneh\u00e5llet sv\u00e5rl\u00e4st f\u00f6r personer med nedsatt syn eller f\u00e4rgseende.<\/p><\/li><li data-start=\"1192\" data-end=\"1355\"><p data-start=\"1194\" data-end=\"1355\"><strong data-start=\"1194\" data-end=\"1218\">Hoppa \u00f6ver inneh\u00e5ll:<\/strong> M\u00f6jligheten att hoppa direkt till huvudinneh\u00e5llet saknas eller fungerar inte konsekvent, vilket p\u00e5verkar tangentbordsanv\u00e4ndare negativt.<\/p><\/li><li data-start=\"1357\" data-end=\"1509\"><p data-start=\"1359\" data-end=\"1509\"><strong data-start=\"1359\" data-end=\"1377\">ARIA-attribut:<\/strong> Ogiltiga eller otill\u00e5tna ARIA-attribut f\u00f6rekommer, huvudsakligen kopplade till komponenter som genereras av tredjepartsprogramvara.<\/p><\/li><li data-start=\"1511\" data-end=\"1749\"><p data-start=\"1513\" data-end=\"1749\"><strong data-start=\"1513\" data-end=\"1543\">Dubbletter av ID-attribut:<\/strong> Vissa HTML-element delar samma <code data-start=\"1575\" data-end=\"1579\">id<\/code>-v\u00e4rde. Dessa \u00e4r kopplade till hur Elementor hanterar menystrukturen och p\u00e5verkar i nul\u00e4get inte anv\u00e4ndarupplevelsen direkt, men utg\u00f6r en teknisk avvikelse fr\u00e5n standard.<\/p><\/li><li data-start=\"1751\" data-end=\"1933\"><p data-start=\"1753\" data-end=\"1933\"><strong data-start=\"1753\" data-end=\"1778\">JavaScript och fokus:<\/strong> I vissa fall tappar anv\u00e4ndargr\u00e4nssnittet fokus vid tangentbordsnavigering, vilket \u00e4r kopplat till hur menyfunktionen hanteras i Elementor och dess skript.<\/p><\/li><\/ul><hr data-start=\"1935\" data-end=\"1938\" \/><h3 data-start=\"1940\" data-end=\"2004\">Vad kan du g\u00f6ra om du inte kan anv\u00e4nda delar av webbplatsen?<\/h3><p data-start=\"2006\" data-end=\"2107\">Om du beh\u00f6ver inneh\u00e5ll fr\u00e5n <strong data-start=\"2034\" data-end=\"2050\">proffs.eu\/sv<\/strong> som inte \u00e4r tillg\u00e4ngligt f\u00f6r dig, v\u00e4nligen kontakta oss:<\/p><p data-start=\"2109\" data-end=\"2139\"><strong data-start=\"2109\" data-end=\"2120\">E-post:<\/strong> <a class=\"cursor-pointer\" rel=\"noopener\" data-start=\"2121\" data-end=\"2139\">info@wishandway.se<\/a><\/p><hr data-start=\"2141\" data-end=\"2144\" \/><h3 data-start=\"2146\" data-end=\"2185\">Rapportera brister i tillg\u00e4nglighet<\/h3><p data-start=\"2187\" data-end=\"2337\">Vi arbetar kontinuerligt med att f\u00f6rb\u00e4ttra tillg\u00e4ngligheten.<br data-start=\"2247\" data-end=\"2250\" \/>Om du uppt\u00e4cker brister som inte \u00e4r beskrivna h\u00e4r, f\u00e5r du g\u00e4rna meddela oss via e-post.<\/p><hr data-start=\"2339\" data-end=\"2342\" \/><h3 data-start=\"2344\" data-end=\"2373\">Hur vi testat webbplatsen<\/h3><p data-start=\"2375\" data-end=\"2540\">En verktygsbaserad tillg\u00e4nglighetsgranskning av startsidan genomf\u00f6rdes den <strong data-start=\"2450\" data-end=\"2466\">18 juni 2025<\/strong>.<br data-start=\"2467\" data-end=\"2470\" \/>Den h\u00e4r tillg\u00e4nglighetsredog\u00f6relsen publicerades den <strong data-start=\"2523\" data-end=\"2539\">18 juni 2025<\/strong>.<\/p>\t\t\t\t\t\t\t\t<\/div>\n\t\t\t\t<\/div>\n\t\t\t\t\t<\/div>\n\t\t\t\t<\/div>\n\t\t\t\t<\/div>\n\t\t","protected":false},"excerpt":{"rendered":"<p>Tillg\u00e4nglighetsredog\u00f6relse f\u00f6r proffs.eu\/sv \u00a0 Hj\u00e4lp oss g\u00e4rna att rapportera brister s\u00e5 att vi kan \u00e5tg\u00e4rda dem. Mejla tillinfo@wishandway.se Den h\u00e4r tillg\u00e4nglighetsredog\u00f6relsen beskriver hur webbplatsen proffs.eu\/sv uppfyller grundl\u00e4ggande krav p\u00e5 digital tillg\u00e4nglighet, eventuella k\u00e4nda tillg\u00e4nglighetsproblem och hur du kan rapportera brister till oss. Hur tillg\u00e4nglig \u00e4r webbplatsen? Vi \u00e4r medvetna om att delar av webbplatsen inte [&hellip;]<\/p>\n","protected":false},"author":1,"featured_media":0,"parent":0,"menu_order":0,"comment_status":"closed","ping_status":"closed","template":"","meta":{"_acf_changed":false,"inline_featured_image":false,"footnotes":""},"class_list":["post-3080","page","type-page","status-publish","hentry"],"acf":[],"yoast_head":"<!-- This site is optimized with the Yoast SEO plugin v27.3 - https:\/\/yoast.com\/product\/yoast-seo-wordpress\/ -->\n<title>Tillg\u00e4nglighetsredog\u00f6relse - PROFFS<\/title>\n<meta name=\"robots\" content=\"index, follow, max-snippet:-1, max-image-preview:large, max-video-preview:-1\" \/>\n<link rel=\"canonical\" href=\"https:\/\/proffs.eu\/sv\/tillganglighetsredogorelse\/\" \/>\n<meta property=\"og:locale\" content=\"en_US\" \/>\n<meta property=\"og:type\" content=\"article\" \/>\n<meta property=\"og:title\" content=\"Tillg\u00e4nglighetsredog\u00f6relse - PROFFS\" \/>\n<meta property=\"og:description\" content=\"Tillg\u00e4nglighetsredog\u00f6relse f\u00f6r proffs.eu\/sv \u00a0 Hj\u00e4lp oss g\u00e4rna att rapportera brister s\u00e5 att vi kan \u00e5tg\u00e4rda dem. Mejla tillinfo@wishandway.se Den h\u00e4r tillg\u00e4nglighetsredog\u00f6relsen beskriver hur webbplatsen proffs.eu\/sv uppfyller grundl\u00e4ggande krav p\u00e5 digital tillg\u00e4nglighet, eventuella k\u00e4nda tillg\u00e4nglighetsproblem och hur du kan rapportera brister till oss. Hur tillg\u00e4nglig \u00e4r webbplatsen? Vi \u00e4r medvetna om att delar av webbplatsen inte [&hellip;]\" \/>\n<meta property=\"og:url\" content=\"https:\/\/proffs.eu\/sv\/tillganglighetsredogorelse\/\" \/>\n<meta property=\"og:site_name\" content=\"PROFFS\" \/>\n<meta property=\"article:modified_time\" content=\"2025-06-19T10:12:36+00:00\" \/>\n<meta name=\"twitter:card\" content=\"summary_large_image\" \/>\n<meta name=\"twitter:label1\" content=\"Est. reading time\" \/>\n\t<meta name=\"twitter:data1\" content=\"2 minutes\" \/>\n<script type=\"application\/ld+json\" class=\"yoast-schema-graph\">{\"@context\":\"https:\\\/\\\/schema.org\",\"@graph\":[{\"@type\":\"WebPage\",\"@id\":\"https:\\\/\\\/proffs.eu\\\/sv\\\/tillganglighetsredogorelse\\\/\",\"url\":\"https:\\\/\\\/proffs.eu\\\/sv\\\/tillganglighetsredogorelse\\\/\",\"name\":\"Tillg\u00e4nglighetsredog\u00f6relse - PROFFS\",\"isPartOf\":{\"@id\":\"https:\\\/\\\/proffs.eu\\\/sv\\\/#website\"},\"datePublished\":\"2025-06-19T09:57:31+00:00\",\"dateModified\":\"2025-06-19T10:12:36+00:00\",\"breadcrumb\":{\"@id\":\"https:\\\/\\\/proffs.eu\\\/sv\\\/tillganglighetsredogorelse\\\/#breadcrumb\"},\"inLanguage\":\"en-US\",\"potentialAction\":[{\"@type\":\"ReadAction\",\"target\":[\"https:\\\/\\\/proffs.eu\\\/sv\\\/tillganglighetsredogorelse\\\/\"]}]},{\"@type\":\"BreadcrumbList\",\"@id\":\"https:\\\/\\\/proffs.eu\\\/sv\\\/tillganglighetsredogorelse\\\/#breadcrumb\",\"itemListElement\":[{\"@type\":\"ListItem\",\"position\":1,\"name\":\"Home\",\"item\":\"https:\\\/\\\/proffs.eu\\\/sv\\\/\"},{\"@type\":\"ListItem\",\"position\":2,\"name\":\"Tillg\u00e4nglighetsredog\u00f6relse\"}]},{\"@type\":\"WebSite\",\"@id\":\"https:\\\/\\\/proffs.eu\\\/sv\\\/#website\",\"url\":\"https:\\\/\\\/proffs.eu\\\/sv\\\/\",\"name\":\"PROFFS\",\"description\":\"STILL GOING SUPER STRONG\",\"publisher\":{\"@id\":\"https:\\\/\\\/proffs.eu\\\/sv\\\/#organization\"},\"potentialAction\":[{\"@type\":\"SearchAction\",\"target\":{\"@type\":\"EntryPoint\",\"urlTemplate\":\"https:\\\/\\\/proffs.eu\\\/sv\\\/?s={search_term_string}\"},\"query-input\":{\"@type\":\"PropertyValueSpecification\",\"valueRequired\":true,\"valueName\":\"search_term_string\"}}],\"inLanguage\":\"en-US\"},{\"@type\":\"Organization\",\"@id\":\"https:\\\/\\\/proffs.eu\\\/sv\\\/#organization\",\"name\":\"PROFFS\",\"url\":\"https:\\\/\\\/proffs.eu\\\/sv\\\/\",\"logo\":{\"@type\":\"ImageObject\",\"inLanguage\":\"en-US\",\"@id\":\"https:\\\/\\\/proffs.eu\\\/sv\\\/#\\\/schema\\\/logo\\\/image\\\/\",\"url\":\"https:\\\/\\\/proffs.eu\\\/sv\\\/wp-content\\\/uploads\\\/sites\\\/2\\\/2023\\\/10\\\/Proffs-web-1.svg\",\"contentUrl\":\"https:\\\/\\\/proffs.eu\\\/sv\\\/wp-content\\\/uploads\\\/sites\\\/2\\\/2023\\\/10\\\/Proffs-web-1.svg\",\"width\":192,\"height\":54,\"caption\":\"PROFFS\"},\"image\":{\"@id\":\"https:\\\/\\\/proffs.eu\\\/sv\\\/#\\\/schema\\\/logo\\\/image\\\/\"}}]}<\/script>\n<!-- \/ Yoast SEO plugin. -->","yoast_head_json":{"title":"Tillg\u00e4nglighetsredog\u00f6relse - PROFFS","robots":{"index":"index","follow":"follow","max-snippet":"max-snippet:-1","max-image-preview":"max-image-preview:large","max-video-preview":"max-video-preview:-1"},"canonical":"https:\/\/proffs.eu\/sv\/tillganglighetsredogorelse\/","og_locale":"en_US","og_type":"article","og_title":"Tillg\u00e4nglighetsredog\u00f6relse - PROFFS","og_description":"Tillg\u00e4nglighetsredog\u00f6relse f\u00f6r proffs.eu\/sv \u00a0 Hj\u00e4lp oss g\u00e4rna att rapportera brister s\u00e5 att vi kan \u00e5tg\u00e4rda dem. Mejla tillinfo@wishandway.se Den h\u00e4r tillg\u00e4nglighetsredog\u00f6relsen beskriver hur webbplatsen proffs.eu\/sv uppfyller grundl\u00e4ggande krav p\u00e5 digital tillg\u00e4nglighet, eventuella k\u00e4nda tillg\u00e4nglighetsproblem och hur du kan rapportera brister till oss. Hur tillg\u00e4nglig \u00e4r webbplatsen? Vi \u00e4r medvetna om att delar av webbplatsen inte [&hellip;]","og_url":"https:\/\/proffs.eu\/sv\/tillganglighetsredogorelse\/","og_site_name":"PROFFS","article_modified_time":"2025-06-19T10:12:36+00:00","twitter_card":"summary_large_image","twitter_misc":{"Est. reading time":"2 minutes"},"schema":{"@context":"https:\/\/schema.org","@graph":[{"@type":"WebPage","@id":"https:\/\/proffs.eu\/sv\/tillganglighetsredogorelse\/","url":"https:\/\/proffs.eu\/sv\/tillganglighetsredogorelse\/","name":"Tillg\u00e4nglighetsredog\u00f6relse - PROFFS","isPartOf":{"@id":"https:\/\/proffs.eu\/sv\/#website"},"datePublished":"2025-06-19T09:57:31+00:00","dateModified":"2025-06-19T10:12:36+00:00","breadcrumb":{"@id":"https:\/\/proffs.eu\/sv\/tillganglighetsredogorelse\/#breadcrumb"},"inLanguage":"en-US","potentialAction":[{"@type":"ReadAction","target":["https:\/\/proffs.eu\/sv\/tillganglighetsredogorelse\/"]}]},{"@type":"BreadcrumbList","@id":"https:\/\/proffs.eu\/sv\/tillganglighetsredogorelse\/#breadcrumb","itemListElement":[{"@type":"ListItem","position":1,"name":"Home","item":"https:\/\/proffs.eu\/sv\/"},{"@type":"ListItem","position":2,"name":"Tillg\u00e4nglighetsredog\u00f6relse"}]},{"@type":"WebSite","@id":"https:\/\/proffs.eu\/sv\/#website","url":"https:\/\/proffs.eu\/sv\/","name":"PROFFS","description":"STILL GOING SUPER STRONG","publisher":{"@id":"https:\/\/proffs.eu\/sv\/#organization"},"potentialAction":[{"@type":"SearchAction","target":{"@type":"EntryPoint","urlTemplate":"https:\/\/proffs.eu\/sv\/?s={search_term_string}"},"query-input":{"@type":"PropertyValueSpecification","valueRequired":true,"valueName":"search_term_string"}}],"inLanguage":"en-US"},{"@type":"Organization","@id":"https:\/\/proffs.eu\/sv\/#organization","name":"PROFFS","url":"https:\/\/proffs.eu\/sv\/","logo":{"@type":"ImageObject","inLanguage":"en-US","@id":"https:\/\/proffs.eu\/sv\/#\/schema\/logo\/image\/","url":"https:\/\/proffs.eu\/sv\/wp-content\/uploads\/sites\/2\/2023\/10\/Proffs-web-1.svg","contentUrl":"https:\/\/proffs.eu\/sv\/wp-content\/uploads\/sites\/2\/2023\/10\/Proffs-web-1.svg","width":192,"height":54,"caption":"PROFFS"},"image":{"@id":"https:\/\/proffs.eu\/sv\/#\/schema\/logo\/image\/"}}]}},"_links":{"self":[{"href":"https:\/\/proffs.eu\/sv\/wp-json\/wp\/v2\/pages\/3080","targetHints":{"allow":["GET"]}}],"collection":[{"href":"https:\/\/proffs.eu\/sv\/wp-json\/wp\/v2\/pages"}],"about":[{"href":"https:\/\/proffs.eu\/sv\/wp-json\/wp\/v2\/types\/page"}],"author":[{"embeddable":true,"href":"https:\/\/proffs.eu\/sv\/wp-json\/wp\/v2\/users\/1"}],"replies":[{"embeddable":true,"href":"https:\/\/proffs.eu\/sv\/wp-json\/wp\/v2\/comments?post=3080"}],"version-history":[{"count":13,"href":"https:\/\/proffs.eu\/sv\/wp-json\/wp\/v2\/pages\/3080\/revisions"}],"predecessor-version":[{"id":3103,"href":"https:\/\/proffs.eu\/sv\/wp-json\/wp\/v2\/pages\/3080\/revisions\/3103"}],"wp:attachment":[{"href":"https:\/\/proffs.eu\/sv\/wp-json\/wp\/v2\/media?parent=3080"}],"curies":[{"name":"wp","href":"https:\/\/api.w.org\/{rel}","templated":true}]}}